{"id":760,"date":"2019-12-06T18:47:26","date_gmt":"2019-12-06T18:47:26","guid":{"rendered":"http:\/\/www.canisliberi.hr\/?page_id=760"},"modified":"2026-04-24T10:55:09","modified_gmt":"2026-04-24T10:55:09","slug":"cookies","status":"publish","type":"page","link":"https:\/\/www.canisliberi.hr\/en\/cookies\/","title":{"rendered":"Cookies"},"content":{"rendered":"<div data-elementor-type=\"wp-page\" data-elementor-id=\"760\" class=\"elementor elementor-760\" data-elementor-settings=\"{&quot;page_masthead_image_height&quot;:{&quot;unit&quot;:&quot;px&quot;,&quot;size&quot;:900,&quot;sizes&quot;:[]},&quot;page_masthead_image_height_tablet&quot;:{&quot;unit&quot;:&quot;vh&quot;,&quot;size&quot;:70,&quot;sizes&quot;:[]},&quot;page_masthead_image_height_mobile&quot;:{&quot;unit&quot;:&quot;vh&quot;,&quot;size&quot;:50,&quot;sizes&quot;:[]},&quot;page_masthead_background_position_x&quot;:{&quot;unit&quot;:&quot;%&quot;,&quot;size&quot;:50,&quot;sizes&quot;:[]},&quot;page_masthead_background_position_x_tablet&quot;:{&quot;unit&quot;:&quot;%&quot;,&quot;size&quot;:50,&quot;sizes&quot;:[]},&quot;page_masthead_background_position_x_mobile&quot;:{&quot;unit&quot;:&quot;%&quot;,&quot;size&quot;:50,&quot;sizes&quot;:[]},&quot;page_masthead_background_position_y&quot;:{&quot;unit&quot;:&quot;%&quot;,&quot;size&quot;:50,&quot;sizes&quot;:[]},&quot;page_masthead_background_position_y_tablet&quot;:{&quot;unit&quot;:&quot;%&quot;,&quot;size&quot;:50,&quot;sizes&quot;:[]},&quot;page_masthead_background_position_y_mobile&quot;:{&quot;unit&quot;:&quot;%&quot;,&quot;size&quot;:50,&quot;sizes&quot;:[]},&quot;rhye_hide_title_disabled&quot;:&quot;yes&quot;}\">\n\t\t\t\t\t\t<div class=\"elementor-section elementor-top-section elementor-element elementor-element-f9f196c elementor-section-height-min-height elementor-section-boxed elementor-section-height-default elementor-section-items-middle\" data-id=\"f9f196c\" data-element_type=\"section\" data-e-type=\"section\" data-settings=\"{&quot;background_background&quot;:&quot;classic&quot;,&quot;shape_divider_bottom&quot;:&quot;opacity-tilt&quot;}\">\n\t\t\t\t\t\t\t<div class=\"elementor-background-overlay\"><\/div>\n\t\t\t\t\t\t<div class=\"elementor-shape elementor-shape-bottom\" aria-hidden=\"true\" data-negative=\"false\">\n\t\t\t<svg xmlns=\"http:\/\/www.w3.org\/2000\/svg\" viewbox=\"0 0 2600 131.1\" preserveaspectratio=\"none\">\n\t<path class=\"elementor-shape-fill\" d=\"M0 0L2600 0 2600 69.1 0 0z\"\/>\n\t<path class=\"elementor-shape-fill\" style=\"opacity:0.5\" d=\"M0 0L2600 0 2600 69.1 0 69.1z\"\/>\n\t<path class=\"elementor-shape-fill\" style=\"opacity:0.25\" d=\"M2600 0L0 0 0 130.1 2600 69.1z\"\/>\n<\/svg>\t\t<\/div>\n\t\t\t\t\t<div class=\"elementor-container elementor-column-gap-default\">\n\t\t\t\t\t<div class=\"elementor-column elementor-col-100 elementor-top-column elementor-element elementor-element-0cfd75a\" data-id=\"0cfd75a\" data-element_type=\"column\" data-e-type=\"column\">\n\t\t\t<div class=\"elementor-widget-wrap elementor-element-populated\">\n\t\t\t\t\t\t<section class=\"elementor-section elementor-inner-section elementor-element elementor-element-c073ae6 elementor-hidden-phone elementor-section-boxed elementor-section-height-default elementor-section-height-default\" data-id=\"c073ae6\" data-element_type=\"section\" data-e-type=\"section\">\n\t\t\t\t\t\t<div class=\"elementor-container elementor-column-gap-default\">\n\t\t\t\t\t<div class=\"elementor-column elementor-col-25 elementor-inner-column elementor-element elementor-element-b0959ef elementor-hidden-phone\" data-id=\"b0959ef\" data-element_type=\"column\" data-e-type=\"column\">\n\t\t\t<div class=\"elementor-widget-wrap\">\n\t\t\t\t\t\t\t<\/div>\n\t\t<\/div>\n\t\t\t\t<div class=\"elementor-column elementor-col-25 elementor-inner-column elementor-element elementor-element-2278dca\" data-id=\"2278dca\" data-element_type=\"column\" data-e-type=\"column\">\n\t\t\t<div class=\"elementor-widget-wrap elementor-element-populated\">\n\t\t\t\t\t\t<div class=\"elementor-element elementor-element-3defef5 elementor-invisible elementor-widget elementor-widget-e_image_hover_effects\" data-id=\"3defef5\" data-element_type=\"widget\" data-e-type=\"widget\" data-settings=\"{&quot;_animation&quot;:&quot;fadeIn&quot;,&quot;_animation_delay&quot;:300}\" data-widget_type=\"e_image_hover_effects.default\">\n\t\t\t\t<div class=\"elementor-widget-container\">\n\t\t\t\t\t\t\t\t<a href=\"https:\/\/www.canisliberi.hr\/en\/lektura-i-korektura\/\">\n\t\t\t\t\t<div class=\"eihe-box eihe-zoom-in eihe_center\">\n\t\t\t\t<img fetchpriority=\"high\" decoding=\"async\" width=\"640\" height=\"640\" src=\"https:\/\/www.canisliberi.hr\/wp-content\/uploads\/2019\/12\/lektoriranje1.png\" class=\"attachment-full size-full wp-image-1130\" alt=\"prijevodi madjarski\" srcset=\"https:\/\/www.canisliberi.hr\/wp-content\/uploads\/2019\/12\/lektoriranje1.png 640w, https:\/\/www.canisliberi.hr\/wp-content\/uploads\/2019\/12\/lektoriranje1-300x300.png 300w, https:\/\/www.canisliberi.hr\/wp-content\/uploads\/2019\/12\/lektoriranje1-150x150.png 150w\" sizes=\"(max-width: 640px) 100vw, 640px\" \/>\t\t\t\t<div class=\"eihe-caption\">\n\t\t\t\t\t<div class=\"eihe-title-cover\">\n\t\t\t\t\t\t\t\t\t\t\t\t<h3 class=\"eihe-title\"><\/h3>\n\t\t\t\t\t\t\t\t\t\t\t<\/div>\n\t\t\t\t\t<p>Proofreading and Editing<\/p>\n\t\t\t\t<\/div>\n\t\t\t<\/div>\n\t\t\t\t\t<\/a>\n\t\t\t\t\t\t<\/div>\n\t\t\t\t<\/div>\n\t\t\t\t\t<\/div>\n\t\t<\/div>\n\t\t\t\t<div class=\"elementor-column elementor-col-25 elementor-inner-column elementor-element elementor-element-04c9be3\" data-id=\"04c9be3\" data-element_type=\"column\" data-e-type=\"column\">\n\t\t\t<div class=\"elementor-widget-wrap elementor-element-populated\">\n\t\t\t\t\t\t<div class=\"elementor-element elementor-element-48aae2e elementor-invisible elementor-widget elementor-widget-e_image_hover_effects\" data-id=\"48aae2e\" data-element_type=\"widget\" data-e-type=\"widget\" data-settings=\"{&quot;_animation&quot;:&quot;fadeIn&quot;,&quot;_animation_delay&quot;:400}\" data-widget_type=\"e_image_hover_effects.default\">\n\t\t\t\t<div class=\"elementor-widget-container\">\n\t\t\t\t\t\t\t\t<a href=\"https:\/\/www.canisliberi.hr\/en\/jezicna-lokalizacija\/\">\n\t\t\t\t\t<div class=\"eihe-box eihe-zoom-in eihe_center\">\n\t\t\t\t<img decoding=\"async\" width=\"640\" height=\"640\" src=\"https:\/\/www.canisliberi.hr\/wp-content\/uploads\/2019\/12\/lokalizacija1.png\" class=\"attachment-full size-full wp-image-1131\" alt=\"jezicna lokalizacija\" srcset=\"https:\/\/www.canisliberi.hr\/wp-content\/uploads\/2019\/12\/lokalizacija1.png 640w, https:\/\/www.canisliberi.hr\/wp-content\/uploads\/2019\/12\/lokalizacija1-300x300.png 300w, https:\/\/www.canisliberi.hr\/wp-content\/uploads\/2019\/12\/lokalizacija1-150x150.png 150w\" sizes=\"(max-width: 640px) 100vw, 640px\" \/>\t\t\t\t<div class=\"eihe-caption\">\n\t\t\t\t\t<div class=\"eihe-title-cover\">\n\t\t\t\t\t\t\t\t\t\t\t\t<h3 class=\"eihe-title\"><\/h3>\n\t\t\t\t\t\t\t\t\t\t\t<\/div>\n\t\t\t\t\t<p>Lang. Localization<\/p>\n\t\t\t\t<\/div>\n\t\t\t<\/div>\n\t\t\t\t\t<\/a>\n\t\t\t\t\t\t<\/div>\n\t\t\t\t<\/div>\n\t\t\t\t\t<\/div>\n\t\t<\/div>\n\t\t\t\t<div class=\"elementor-column elementor-col-25 elementor-inner-column elementor-element elementor-element-5752f63\" data-id=\"5752f63\" data-element_type=\"column\" data-e-type=\"column\">\n\t\t\t<div class=\"elementor-widget-wrap\">\n\t\t\t\t\t\t\t<\/div>\n\t\t<\/div>\n\t\t\t\t\t<\/div>\n\t\t<\/section>\n\t\t\t\t<section class=\"elementor-section elementor-inner-section elementor-element elementor-element-9a51e90 elementor-section-boxed elementor-section-height-default elementor-section-height-default\" data-id=\"9a51e90\" data-element_type=\"section\" data-e-type=\"section\">\n\t\t\t\t\t\t<div class=\"elementor-container elementor-column-gap-default\">\n\t\t\t\t\t<div class=\"elementor-column elementor-col-33 elementor-inner-column elementor-element elementor-element-a8631cc elementor-hidden-phone\" data-id=\"a8631cc\" data-element_type=\"column\" data-e-type=\"column\">\n\t\t\t<div class=\"elementor-widget-wrap elementor-element-populated\">\n\t\t\t\t\t\t<div class=\"elementor-element elementor-element-6bc624b elementor-invisible elementor-widget elementor-widget-e_image_hover_effects\" data-id=\"6bc624b\" data-element_type=\"widget\" data-e-type=\"widget\" data-settings=\"{&quot;_animation&quot;:&quot;fadeIn&quot;,&quot;_animation_delay&quot;:200}\" data-widget_type=\"e_image_hover_effects.default\">\n\t\t\t\t<div class=\"elementor-widget-container\">\n\t\t\t\t\t\t\t\t<a href=\"https:\/\/www.canisliberi.hr\/en\/graficki-dizajn\/\">\n\t\t\t\t\t<div class=\"eihe-box eihe-zoom-in eihe_center\">\n\t\t\t\t<img decoding=\"async\" width=\"640\" height=\"640\" src=\"https:\/\/www.canisliberi.hr\/wp-content\/uploads\/2019\/12\/grafickidizajn1.png\" class=\"attachment-full size-full wp-image-1129\" alt=\"graficki dizajn\" srcset=\"https:\/\/www.canisliberi.hr\/wp-content\/uploads\/2019\/12\/grafickidizajn1.png 640w, https:\/\/www.canisliberi.hr\/wp-content\/uploads\/2019\/12\/grafickidizajn1-300x300.png 300w, https:\/\/www.canisliberi.hr\/wp-content\/uploads\/2019\/12\/grafickidizajn1-150x150.png 150w\" sizes=\"(max-width: 640px) 100vw, 640px\" \/>\t\t\t\t<div class=\"eihe-caption\">\n\t\t\t\t\t<div class=\"eihe-title-cover\">\n\t\t\t\t\t\t\t\t\t\t\t\t<h3 class=\"eihe-title\"><\/h3>\n\t\t\t\t\t\t\t\t\t\t\t<\/div>\n\t\t\t\t\t<p>Graphic Design<\/p>\n\t\t\t\t<\/div>\n\t\t\t<\/div>\n\t\t\t\t\t<\/a>\n\t\t\t\t\t\t<\/div>\n\t\t\t\t<\/div>\n\t\t\t\t<div class=\"elementor-element elementor-element-f646dc6 elementor-invisible elementor-widget elementor-widget-e_image_hover_effects\" data-id=\"f646dc6\" data-element_type=\"widget\" data-e-type=\"widget\" data-settings=\"{&quot;_animation&quot;:&quot;fadeIn&quot;,&quot;_animation_delay&quot;:100}\" data-widget_type=\"e_image_hover_effects.default\">\n\t\t\t\t<div class=\"elementor-widget-container\">\n\t\t\t\t\t\t\t\t<a href=\"https:\/\/www.canisliberi.hr\/en\/edukacija\/\">\n\t\t\t\t\t<div class=\"eihe-box eihe-zoom-in eihe_center\">\n\t\t\t\t<img loading=\"lazy\" decoding=\"async\" width=\"640\" height=\"640\" src=\"https:\/\/www.canisliberi.hr\/wp-content\/uploads\/2019\/12\/edukacija1.png\" class=\"attachment-full size-full wp-image-1128\" alt=\"online edukacija\" srcset=\"https:\/\/www.canisliberi.hr\/wp-content\/uploads\/2019\/12\/edukacija1.png 640w, https:\/\/www.canisliberi.hr\/wp-content\/uploads\/2019\/12\/edukacija1-300x300.png 300w, https:\/\/www.canisliberi.hr\/wp-content\/uploads\/2019\/12\/edukacija1-150x150.png 150w\" sizes=\"(max-width: 640px) 100vw, 640px\" \/>\t\t\t\t<div class=\"eihe-caption\">\n\t\t\t\t\t<div class=\"eihe-title-cover\">\n\t\t\t\t\t\t\t\t\t\t\t\t<h3 class=\"eihe-title\"><\/h3>\n\t\t\t\t\t\t\t\t\t\t\t<\/div>\n\t\t\t\t\t<p>Education<\/p>\n\t\t\t\t<\/div>\n\t\t\t<\/div>\n\t\t\t\t\t<\/a>\n\t\t\t\t\t\t<\/div>\n\t\t\t\t<\/div>\n\t\t\t\t\t<\/div>\n\t\t<\/div>\n\t\t\t\t<div class=\"elementor-column elementor-col-33 elementor-inner-column elementor-element elementor-element-389aa94\" data-id=\"389aa94\" data-element_type=\"column\" data-e-type=\"column\">\n\t\t\t<div class=\"elementor-widget-wrap elementor-element-populated\">\n\t\t\t\t\t\t<div class=\"elementor-element elementor-element-1bb74da elementor-invisible elementor-widget elementor-widget-image\" data-id=\"1bb74da\" data-element_type=\"widget\" data-e-type=\"widget\" data-settings=\"{&quot;_animation&quot;:&quot;fadeIn&quot;}\" data-widget_type=\"image.default\">\n\t\t\t\t<div class=\"elementor-widget-container\">\n\t\t\t\t\t\t\t\t\t\t\t\t\t\t\t<img loading=\"lazy\" decoding=\"async\" width=\"486\" height=\"453\" src=\"https:\/\/www.canisliberi.hr\/wp-content\/uploads\/2019\/11\/Canis_Big-e1589527688628.png\" class=\"attachment-large size-large wp-image-379\" alt=\"graphic design and web design\" srcset=\"https:\/\/www.canisliberi.hr\/wp-content\/uploads\/2019\/11\/Canis_Big-e1589527688628.png 486w, https:\/\/www.canisliberi.hr\/wp-content\/uploads\/2019\/11\/Canis_Big-e1589527688628-300x280.png 300w\" sizes=\"(max-width: 486px) 100vw, 486px\" \/>\t\t\t\t\t\t\t\t\t\t\t\t\t\t\t<\/div>\n\t\t\t\t<\/div>\n\t\t\t\t\t<\/div>\n\t\t<\/div>\n\t\t\t\t<div class=\"elementor-column elementor-col-33 elementor-inner-column elementor-element elementor-element-1d2a007 elementor-hidden-phone\" data-id=\"1d2a007\" data-element_type=\"column\" data-e-type=\"column\">\n\t\t\t<div class=\"elementor-widget-wrap elementor-element-populated\">\n\t\t\t\t\t\t<div class=\"elementor-element elementor-element-dbac83b elementor-invisible elementor-widget elementor-widget-e_image_hover_effects\" data-id=\"dbac83b\" data-element_type=\"widget\" data-e-type=\"widget\" data-settings=\"{&quot;_animation&quot;:&quot;fadeIn&quot;,&quot;_animation_delay&quot;:500}\" data-widget_type=\"e_image_hover_effects.default\">\n\t\t\t\t<div class=\"elementor-widget-container\">\n\t\t\t\t\t\t\t\t<a href=\"https:\/\/www.canisliberi.hr\/en\/prijevodi\/\">\n\t\t\t\t\t<div class=\"eihe-box eihe-zoom-in eihe_center\">\n\t\t\t\t<img loading=\"lazy\" decoding=\"async\" width=\"640\" height=\"640\" src=\"https:\/\/www.canisliberi.hr\/wp-content\/uploads\/2019\/12\/pevodjenje1.png\" class=\"attachment-full size-full wp-image-1132\" alt=\"prijevodi madjarski\" srcset=\"https:\/\/www.canisliberi.hr\/wp-content\/uploads\/2019\/12\/pevodjenje1.png 640w, https:\/\/www.canisliberi.hr\/wp-content\/uploads\/2019\/12\/pevodjenje1-300x300.png 300w, https:\/\/www.canisliberi.hr\/wp-content\/uploads\/2019\/12\/pevodjenje1-150x150.png 150w\" sizes=\"(max-width: 640px) 100vw, 640px\" \/>\t\t\t\t<div class=\"eihe-caption\">\n\t\t\t\t\t<div class=\"eihe-title-cover\">\n\t\t\t\t\t\t\t\t\t\t\t\t<h3 class=\"eihe-title\"><\/h3>\n\t\t\t\t\t\t\t\t\t\t\t<\/div>\n\t\t\t\t\t<p>Translation<\/p>\n\t\t\t\t<\/div>\n\t\t\t<\/div>\n\t\t\t\t\t<\/a>\n\t\t\t\t\t\t<\/div>\n\t\t\t\t<\/div>\n\t\t\t\t<div class=\"elementor-element elementor-element-ceece41 elementor-invisible elementor-widget elementor-widget-e_image_hover_effects\" data-id=\"ceece41\" data-element_type=\"widget\" data-e-type=\"widget\" data-settings=\"{&quot;_animation&quot;:&quot;fadeIn&quot;,&quot;_animation_delay&quot;:600}\" data-widget_type=\"e_image_hover_effects.default\">\n\t\t\t\t<div class=\"elementor-widget-container\">\n\t\t\t\t\t\t\t\t<a href=\"https:\/\/www.canisliberi.hr\/en\/web-dizajn\/\">\n\t\t\t\t\t<div class=\"eihe-box eihe-zoom-in eihe_center\">\n\t\t\t\t<img loading=\"lazy\" decoding=\"async\" width=\"640\" height=\"640\" src=\"https:\/\/www.canisliberi.hr\/wp-content\/uploads\/2019\/12\/webdizajn1.png\" class=\"attachment-full size-full wp-image-1133\" alt=\"web dizajn\" srcset=\"https:\/\/www.canisliberi.hr\/wp-content\/uploads\/2019\/12\/webdizajn1.png 640w, https:\/\/www.canisliberi.hr\/wp-content\/uploads\/2019\/12\/webdizajn1-300x300.png 300w, https:\/\/www.canisliberi.hr\/wp-content\/uploads\/2019\/12\/webdizajn1-150x150.png 150w\" sizes=\"(max-width: 640px) 100vw, 640px\" \/>\t\t\t\t<div class=\"eihe-caption\">\n\t\t\t\t\t<div class=\"eihe-title-cover\">\n\t\t\t\t\t\t\t\t\t\t\t\t<h3 class=\"eihe-title\"><\/h3>\n\t\t\t\t\t\t\t\t\t\t\t<\/div>\n\t\t\t\t\t<p>Web Design<\/p>\n\t\t\t\t<\/div>\n\t\t\t<\/div>\n\t\t\t\t\t<\/a>\n\t\t\t\t\t\t<\/div>\n\t\t\t\t<\/div>\n\t\t\t\t\t<\/div>\n\t\t<\/div>\n\t\t\t\t\t<\/div>\n\t\t<\/section>\n\t\t\t\t<div class=\"elementor-element elementor-element-2cacf67 elementor-widget elementor-widget-html\" data-id=\"2cacf67\" data-element_type=\"widget\" data-e-type=\"widget\" data-widget_type=\"html.default\">\n\t\t\t\t<div class=\"elementor-widget-container\">\n\t\t\t\t\t<div class=\"scroll-wrapper\"><a href=\"#usluge-id\"><i class=\"scroll fas fa-chevron-down\"><\/i><\/a>\r\n\r\n\r\n\r\n<style>\r\n.scroll-wrapper {text-align:center;}\r\n.scroll {   \r\n    font-size: 50px;\r\n    color: #1D6282;\r\n    \r\n    \r\n   -webkit-animation: scrolling 3s ease infinite;\r\n   -moz-animation: scrolling 3s ease infinite;\r\n   -o-animation: scrolling 3s  ease infinite;\r\n   animation: scrolling 3s ease infinite;\r\n}\r\n\r\n@keyframes scrolling {\r\n  0% {\r\n    transform: translate(0);\r\n  }\r\n \r\n  50% {\r\n    transform: translate(0,40px);}\r\n\r\n \r\n  100% {\r\n     transform: translate(0);\r\n  }\r\n}\r\n<\/style><\/div>\t\t\t\t<\/div>\n\t\t\t\t<\/div>\n\t\t\t\t<div class=\"elementor-element elementor-element-c56a71f elementor-widget elementor-widget-html\" data-id=\"c56a71f\" data-element_type=\"widget\" data-e-type=\"widget\" data-widget_type=\"html.default\">\n\t\t\t\t<div class=\"elementor-widget-container\">\n\t\t\t\t\t<script>\n$(document).ready(function(){\n  \/\/ Add smooth scrolling to all links\n  $(\"a\").on('click', function(event) {\n\n    \/\/ Make sure this.hash has a value before overriding default behavior\n    if (this.hash !== \"\") {\n      \/\/ Prevent default anchor click behavior\n      event.preventDefault();\n\n      \/\/ Store hash\n      var hash = this.hash;\n\n      \/\/ Using jQuery's animate() method to add smooth page scroll\n      \/\/ The optional number (800) specifies the number of milliseconds it takes to scroll to the specified area\n      $('html, body').animate({\n        scrollTop: $(hash).offset().top\n      }, 800, function(){\n\n        \/\/ Add hash (#) to URL when done scrolling (default click behavior)\n        window.location.hash = hash;\n      });\n    } \/\/ End if\n  });\n});\n<\/script><div id=\"usluge-id\" class=\"my-special-scroll-div\">\n    \n<style>\nhtml {\n    scroll-behavior: smooth;\n}\n<\/style>\n<\/div>\t\t\t\t<\/div>\n\t\t\t\t<\/div>\n\t\t\t\t\t<\/div>\n\t\t<\/div>\n\t\t\t\t\t<\/div>\n\t\t<\/div>\n\t\t\t\t<section class=\"elementor-section elementor-top-section elementor-element elementor-element-c9d8623 elementor-section-boxed elementor-section-height-default elementor-section-height-default\" data-id=\"c9d8623\" data-element_type=\"section\" data-e-type=\"section\">\n\t\t\t\t\t\t<div class=\"elementor-container elementor-column-gap-default\">\n\t\t\t\t\t<div class=\"elementor-column elementor-col-100 elementor-top-column elementor-element elementor-element-7d05932\" data-id=\"7d05932\" data-element_type=\"column\" data-e-type=\"column\">\n\t\t\t<div class=\"elementor-widget-wrap elementor-element-populated\">\n\t\t\t\t\t\t<div class=\"elementor-element elementor-element-8f19440 elementor-widget elementor-widget-text-editor\" data-id=\"8f19440\" data-element_type=\"widget\" data-e-type=\"widget\" data-widget_type=\"text-editor.default\">\n\t\t\t\t<div class=\"elementor-widget-container\">\n\t\t\t\t\t\t\t\t\t<div class=\"col_1\"><h1 style=\"text-align: center;\" data-path-to-node=\"4\"><strong><span style=\"color: #39849c;\">Privacy Policy<\/span><\/strong><\/h1><p>\u00a0<\/p><p data-path-to-node=\"4\">This Privacy Policy explains how <b data-path-to-node=\"4\" data-index-in-node=\"41\">Canis Liberi, obrt za usluge promid\u017ebe i prevo\u0111enja<\/b> collects, uses, and protects your personal data when you visit the website <b data-path-to-node=\"4\" data-index-in-node=\"170\">canisliberi.hr<\/b>. Your privacy is our priority, and we are committed to processing data in accordance with the applicable regulations of the Republic of Croatia and the General Data Protection Regulation (GDPR).<\/p><h2 data-path-to-node=\"5\">1. Data Controller<\/h2><p data-path-to-node=\"6\">The controller of your personal data is:<\/p><ul data-path-to-node=\"7\"><li><p data-path-to-node=\"7,0,0\"><b data-path-to-node=\"7,0,0\" data-index-in-node=\"0\">Name:<\/b> CANIS LIBERI, obrt za usluge promid\u017ebe i prevo\u0111enja, Andrea Galiot<\/p><\/li><li><p data-path-to-node=\"7,1,0\"><b data-path-to-node=\"7,1,0\" data-index-in-node=\"0\">Address:<\/b> Antuna Gustava Mato\u0161a 6, 31220 Vi\u0161njevac (Osijek), Croatia<\/p><\/li><li><p data-path-to-node=\"7,2,0\"><b data-path-to-node=\"7,2,0\" data-index-in-node=\"0\">OIB:<\/b> 92881696161<\/p><\/li><li><p data-path-to-node=\"7,3,0\"><b data-path-to-node=\"7,3,0\" data-index-in-node=\"0\">E-mail:<\/b> info@canisliberi.hr<\/p><\/li><\/ul><h2 data-path-to-node=\"8\">2. What data do we collect and why?<\/h2><h3 data-path-to-node=\"9\">a) Contact Form<\/h3><p data-path-to-node=\"10\">When you contact us via the form on our website, we collect the data you voluntarily provide, which usually includes:<\/p><ul data-path-to-node=\"11\"><li><p data-path-to-node=\"11,0,0\">First and last name<\/p><\/li><li><p data-path-to-node=\"11,1,0\">E-mail address<\/p><\/li><li><p data-path-to-node=\"11,2,0\">Your message (content of the inquiry)<\/p><\/li><\/ul><p data-path-to-node=\"12\"><b data-path-to-node=\"12\" data-index-in-node=\"0\">Purpose:<\/b> This data is used exclusively to respond to your inquiry and provide requested information regarding our promotion or translation services. <b data-path-to-node=\"12\" data-index-in-node=\"147\">Legal Basis:<\/b> Processing is necessary to take steps at the request of the data subject prior to entering into a contract or based on our legitimate interest to respond to your inquiry.<\/p><h3 data-path-to-node=\"13\">b) Google Analytics<\/h3><p data-path-to-node=\"14\">Our website uses Google Analytics to track visits and improve user experience. Through Google Tag, anonymized data is collected, such as:<\/p><ul data-path-to-node=\"15\"><li><p data-path-to-node=\"15,0,0\">IP address (anonymized)<\/p><\/li><li><p data-path-to-node=\"15,1,0\">Browser and device type<\/p><\/li><li><p data-path-to-node=\"15,2,0\">Time spent on the page and subpages visited<\/p><\/li><\/ul><p data-path-to-node=\"16\"><b data-path-to-node=\"16\" data-index-in-node=\"0\">Purpose:<\/b> Analysis of website usage to improve content and technical functionality. <b data-path-to-node=\"16\" data-index-in-node=\"96\">Legal Basis:<\/b> Legitimate interest in optimizing business operations and the website.<\/p><h2 data-path-to-node=\"17\">3. Cookies<\/h2><p data-path-to-node=\"18\">The website canisliberi.hr uses cookies to function properly. Cookies are small files stored on your device.<\/p><ul data-path-to-node=\"19\"><li><p data-path-to-node=\"19,0,0\"><b data-path-to-node=\"19,0,0\" data-index-in-node=\"0\">Necessary Cookies:<\/b> Ensure basic functions of the website.<\/p><\/li><li><p data-path-to-node=\"19,1,0\"><b data-path-to-node=\"19,1,0\" data-index-in-node=\"0\">Analytical Cookies (Google Analytics):<\/b> Help us understand how visitors use the site.<\/p><\/li><\/ul><p data-path-to-node=\"20\">You can manage cookie settings through your web browser to block or delete them, although this may affect the site's functionality.<\/p><h2 data-path-to-node=\"21\">4. Sharing Data with Third Parties<\/h2><p data-path-to-node=\"22\">We do not sell or share your personal data with unauthorized third parties. Data may only be shared with:<\/p><ul data-path-to-node=\"23\"><li><p data-path-to-node=\"23,0,0\">Service providers acting as data processors (e.g., Google for Analytics, hosting services).<\/p><\/li><li><p data-path-to-node=\"23,1,0\">If there is a legal obligation (e.g., a request from competent state authorities).<\/p><\/li><\/ul><h2 data-path-to-node=\"24\">5. How long do we keep your data?<\/h2><p data-path-to-node=\"25\">Data sent via the contact form is kept as long as necessary to resolve your inquiry or until the end of our business cooperation, unless otherwise prescribed by law (e.g., accounting regulations). Analytical data is kept in accordance with Google Analytics policies.<\/p><h2 data-path-to-node=\"26\">6. Your Rights<\/h2><p data-path-to-node=\"27\">At any time, you have the right to:<\/p><ul data-path-to-node=\"28\"><li><p data-path-to-node=\"28,0,0\">Access your data and information on how it is processed.<\/p><\/li><li><p data-path-to-node=\"28,1,0\">Rectification of inaccurate data.<\/p><\/li><li><p data-path-to-node=\"28,2,0\">Erasure of data (\"right to be forgotten\") if it is no longer needed for the purpose it was collected.<\/p><\/li><li><p data-path-to-node=\"28,3,0\">Restriction of processing.<\/p><\/li><li><p data-path-to-node=\"28,4,0\">Object to the processing of data.<\/p><\/li><\/ul><p data-path-to-node=\"29\">To exercise your rights, please contact us via the e-mail provided in Section 1.<\/p><h2 data-path-to-node=\"30\">7. Data Security<\/h2><p data-path-to-node=\"31\">We apply appropriate technical and organizational security measures to ensure the safety of your data, including the use of SSL certificates (HTTPS) for secure communication between your browser and our server.<\/p><h2 data-path-to-node=\"32\">8. Changes to the Privacy Policy<\/h2><p data-path-to-node=\"33\">We reserve the right to change this Policy at any time. All changes will be published on this page.<\/p><\/div><p><!-- \/wp:heading --><\/p>\t\t\t\t\t\t\t\t<\/div>\n\t\t\t\t<\/div>\n\t\t\t\t<div class=\"elementor-element elementor-element-5c65523 elementor-widget elementor-widget-spacer\" data-id=\"5c65523\" data-element_type=\"widget\" data-e-type=\"widget\" data-widget_type=\"spacer.default\">\n\t\t\t\t<div class=\"elementor-widget-container\">\n\t\t\t\t\t\t\t<div class=\"elementor-spacer\">\n\t\t\t<div class=\"elementor-spacer-inner\"><\/div>\n\t\t<\/div>\n\t\t\t\t\t\t<\/div>\n\t\t\t\t<\/div>\n\t\t\t\t\t<\/div>\n\t\t<\/div>\n\t\t\t\t\t<\/div>\n\t\t<\/section>\n\t\t\t\t<\/div>","protected":false},"excerpt":{"rendered":"<p>Lektoriranje Lokalizacija Grafi\u010dki dizajn Edukacija Prevo\u0111enje Web dizajn Politika privatnosti \u00a0 Ova Politika privatnosti obja\u0161njava kako Canis Liberi, obrt za usluge promid\u017ebe i prevo\u0111enja prikuplja, koristi i \u0161titi va\u0161e osobne podatke prilikom posjeta web stranici canisliberi.hr. Va\u0161a privatnost nam je prioritet te se obvezujemo obra\u0111ivati podatke u skladu s va\u017ee\u0107im propisima Republike Hrvatske i Op\u0107om [&hellip;]<\/p>\n","protected":false},"author":1,"featured_media":0,"parent":0,"menu_order":0,"comment_status":"closed","ping_status":"closed","template":"elementor_header_footer","meta":{"_acf_changed":false,"footnotes":""},"class_list":["post-760","page","type-page","status-publish","hentry"],"acf":[],"_links":{"self":[{"href":"https:\/\/www.canisliberi.hr\/en\/wp-json\/wp\/v2\/pages\/760","targetHints":{"allow":["GET"]}}],"collection":[{"href":"https:\/\/www.canisliberi.hr\/en\/wp-json\/wp\/v2\/pages"}],"about":[{"href":"https:\/\/www.canisliberi.hr\/en\/wp-json\/wp\/v2\/types\/page"}],"author":[{"embeddable":true,"href":"https:\/\/www.canisliberi.hr\/en\/wp-json\/wp\/v2\/users\/1"}],"replies":[{"embeddable":true,"href":"https:\/\/www.canisliberi.hr\/en\/wp-json\/wp\/v2\/comments?post=760"}],"version-history":[{"count":22,"href":"https:\/\/www.canisliberi.hr\/en\/wp-json\/wp\/v2\/pages\/760\/revisions"}],"predecessor-version":[{"id":5513,"href":"https:\/\/www.canisliberi.hr\/en\/wp-json\/wp\/v2\/pages\/760\/revisions\/5513"}],"wp:attachment":[{"href":"https:\/\/www.canisliberi.hr\/en\/wp-json\/wp\/v2\/media?parent=760"}],"curies":[{"name":"wp","href":"https:\/\/api.w.org\/{rel}","templated":true}]}}